{"id":11281,"date":"2025-01-15T08:45:42","date_gmt":"2025-01-15T08:45:42","guid":{"rendered":"https:\/\/stageup.com\/?page_id=11281"},"modified":"2025-06-17T10:50:08","modified_gmt":"2025-06-17T10:50:08","slug":"chi-siamo","status":"publish","type":"page","link":"https:\/\/stageup.com\/index.php\/chi-siamo\/","title":{"rendered":"Chi siamo"},"content":{"rendered":"\t\t<div data-elementor-type=\"wp-page\" data-elementor-id=\"11281\" class=\"elementor elementor-11281\" data-elementor-post-type=\"page\">\n\t\t\t\t<div class=\"elementor-element elementor-element-fa545c3 e-con-full e-flex parallax_section_no qode_elementor_container_no e-con e-parent\" data-id=\"fa545c3\" data-element_type=\"container\" data-settings=\"{&quot;background_background&quot;:&quot;classic&quot;}\">\n\t\t\t\t<div class=\"elementor-element elementor-element-d4ccb71 elementor-widget elementor-widget-image\" data-id=\"d4ccb71\" data-element_type=\"widget\" data-widget_type=\"image.default\">\n\t\t\t\t<div class=\"elementor-widget-container\">\n\t\t\t\t\t\t\t\t\t\t\t\t\t\t\t<img fetchpriority=\"high\" decoding=\"async\" width=\"1920\" height=\"749\" src=\"https:\/\/stageup.com\/wp-content\/uploads\/2025\/06\/Pagina-about-us.jpg\" class=\"attachment-full size-full wp-image-11906\" alt=\"\" srcset=\"https:\/\/stageup.com\/wp-content\/uploads\/2025\/06\/Pagina-about-us.jpg 1920w, https:\/\/stageup.com\/wp-content\/uploads\/2025\/06\/Pagina-about-us-300x117.jpg 300w, https:\/\/stageup.com\/wp-content\/uploads\/2025\/06\/Pagina-about-us-1024x399.jpg 1024w, https:\/\/stageup.com\/wp-content\/uploads\/2025\/06\/Pagina-about-us-768x300.jpg 768w, https:\/\/stageup.com\/wp-content\/uploads\/2025\/06\/Pagina-about-us-1536x599.jpg 1536w, https:\/\/stageup.com\/wp-content\/uploads\/2025\/06\/Pagina-about-us-700x273.jpg 700w\" sizes=\"(max-width: 1920px) 100vw, 1920px\" \/>\t\t\t\t\t\t\t\t\t\t\t\t\t\t\t<\/div>\n\t\t\t\t<\/div>\n\t\t\t\t<\/div>\n\t\t<div class=\"elementor-element elementor-element-1f1b732 e-con-full e-flex parallax_section_no qode_elementor_container_no e-con e-parent\" data-id=\"1f1b732\" data-element_type=\"container\">\n\t\t\t\t<div class=\"elementor-element elementor-element-ac31daa elementor-view-default elementor-widget elementor-widget-icon\" data-id=\"ac31daa\" data-element_type=\"widget\" data-widget_type=\"icon.default\">\n\t\t\t\t<div class=\"elementor-widget-container\">\n\t\t\t\t\t\t\t<div class=\"elementor-icon-wrapper\">\n\t\t\t<div class=\"elementor-icon\">\n\t\t\t<svg aria-hidden=\"true\" class=\"e-font-icon-svg e-fas-quote-right\" viewBox=\"0 0 512 512\" xmlns=\"http:\/\/www.w3.org\/2000\/svg\"><path d=\"M464 32H336c-26.5 0-48 21.5-48 48v128c0 26.5 21.5 48 48 48h80v64c0 35.3-28.7 64-64 64h-8c-13.3 0-24 10.7-24 24v48c0 13.3 10.7 24 24 24h8c88.4 0 160-71.6 160-160V80c0-26.5-21.5-48-48-48zm-288 0H48C21.5 32 0 53.5 0 80v128c0 26.5 21.5 48 48 48h80v64c0 35.3-28.7 64-64 64h-8c-13.3 0-24 10.7-24 24v48c0 13.3 10.7 24 24 24h8c88.4 0 160-71.6 160-160V80c0-26.5-21.5-48-48-48z\"><\/path><\/svg>\t\t\t<\/div>\n\t\t<\/div>\n\t\t\t\t\t\t<\/div>\n\t\t\t\t<\/div>\n\t\t\t\t<div class=\"elementor-element elementor-element-817c15e elementor-widget elementor-widget-text-editor\" data-id=\"817c15e\" data-element_type=\"widget\" data-widget_type=\"text-editor.default\">\n\t\t\t\t<div class=\"elementor-widget-container\">\n\t\t\t\t\t\t\t\t\t<p><strong><em>Le ricerche di mercato sono il fondamento su cui costruire progetti aziendali di successo, illuminando il cammino verso le esigenze dei clienti e guidando decisioni informate che conducono al raggiungimento degli obiettivi aziendali.<\/em><\/strong><\/p>\t\t\t\t\t\t\t\t<\/div>\n\t\t\t\t<\/div>\n\t\t\t\t<div class=\"elementor-element elementor-element-f166004 elementor-view-default elementor-widget elementor-widget-icon\" data-id=\"f166004\" data-element_type=\"widget\" data-widget_type=\"icon.default\">\n\t\t\t\t<div class=\"elementor-widget-container\">\n\t\t\t\t\t\t\t<div class=\"elementor-icon-wrapper\">\n\t\t\t<div class=\"elementor-icon\">\n\t\t\t<svg aria-hidden=\"true\" class=\"e-font-icon-svg e-fas-quote-left\" viewBox=\"0 0 512 512\" xmlns=\"http:\/\/www.w3.org\/2000\/svg\"><path d=\"M464 256h-80v-64c0-35.3 28.7-64 64-64h8c13.3 0 24-10.7 24-24V56c0-13.3-10.7-24-24-24h-8c-88.4 0-160 71.6-160 160v240c0 26.5 21.5 48 48 48h128c26.5 0 48-21.5 48-48V304c0-26.5-21.5-48-48-48zm-288 0H96v-64c0-35.3 28.7-64 64-64h8c13.3 0 24-10.7 24-24V56c0-13.3-10.7-24-24-24h-8C71.6 32 0 103.6 0 192v240c0 26.5 21.5 48 48 48h128c26.5 0 48-21.5 48-48V304c0-26.5-21.5-48-48-48z\"><\/path><\/svg>\t\t\t<\/div>\n\t\t<\/div>\n\t\t\t\t\t\t<\/div>\n\t\t\t\t<\/div>\n\t\t\t\t<\/div>\n\t\t\t\t<section class=\"elementor-section elementor-top-section elementor-element elementor-element-a0beac2 elementor-section-full_width qode_elementor_container_inner elementor-section-height-default elementor-section-height-default parallax_section_no\" data-id=\"a0beac2\" data-element_type=\"section\">\n\t\t\t\t\t\t<div class=\"elementor-container elementor-column-gap-default\">\n\t\t\t\t\t<div class=\"elementor-column elementor-col-100 elementor-top-column elementor-element elementor-element-27b8785\" data-id=\"27b8785\" data-element_type=\"column\">\n\t\t\t<div class=\"elementor-widget-wrap elementor-element-populated\">\n\t\t\t\t\t\t<div class=\"elementor-element elementor-element-6c69fb7 elementor-widget elementor-widget-text-editor\" data-id=\"6c69fb7\" data-element_type=\"widget\" data-widget_type=\"text-editor.default\">\n\t\t\t\t<div class=\"elementor-widget-container\">\n\t\t\t\t\t\t\t\t\t<h2><strong>about us<\/strong><\/h2>\t\t\t\t\t\t\t\t<\/div>\n\t\t\t\t<\/div>\n\t\t\t\t\t<\/div>\n\t\t<\/div>\n\t\t\t\t\t<\/div>\n\t\t<\/section>\n\t\t<div class=\"elementor-element elementor-element-a6a3bea e-flex e-con-boxed parallax_section_no qode_elementor_container_no e-con e-parent\" data-id=\"a6a3bea\" data-element_type=\"container\">\n\t\t\t\t\t<div class=\"e-con-inner\">\n\t\t\t\t<div class=\"elementor-element elementor-element-3febbcf elementor-widget elementor-widget-text-editor\" data-id=\"3febbcf\" data-element_type=\"widget\" data-widget_type=\"text-editor.default\">\n\t\t\t\t<div class=\"elementor-widget-container\">\n\t\t\t\t\t\t\t\t\t<h4><strong>StageUp<\/strong> \u00e8 una societ\u00e0 di consulenza e servizi che si propone di accompagnare i clienti in percorsi di <strong>ottimizzazione<\/strong>,<\/h4><h4><strong>crescita<\/strong> e <strong>innovazione<\/strong> attraverso <strong>ricerche<\/strong>, <strong>consulenza<\/strong> e <strong>servizi tecnologici<\/strong>.\u00a0<\/h4><div>\u00a0<\/div><h4>Offriamo servizi sull&#8217;intera catena del valore dei <b>clienti <\/b>(sponsor, televisioni, sport maker, produttori di eventi culturali<\/h4><h4>e di spettacolo, concessionarie, centri media ed enti pubblici): ideazione, strategia, progettazione,<\/h4><h4>pianificazione e controllo,\u00a0negoziazione, buying e commercializzazione.<\/h4><div>\u00a0<\/div><h4>Ci inspiriamo a valori di <strong>etica<\/strong> e <strong>sostenibilit\u00e0<\/strong> che si riflettono nel nostro stile imprenditoriale: <strong>incentrato sul cliente<\/strong>, fortemente orientato al risultato, dinamico, aperto a nuove soluzioni, capace di valorizzare le persone e i loro talenti.<\/h4><h4><br \/>StageUp \u00e8 associata ad <strong>ASSIRM<\/strong>, l\u2019Associazione che da oltre 30 anni riunisce le aziende italiane che svolgono Ricerche di Mercato, Sondaggi di Opinione e Ricerca Sociale<\/h4><h4><br \/>Nel marzo 2022 ha lanciato <a href=\"https:\/\/www.chainon.it\" target=\"_blank\" rel=\"noopener\"><strong>ChainOn<\/strong><\/a>\u00a0(<a href=\"http:\/\/www.chainon.it\/\">www.chainon.it<\/a>), il marketplace della sponsorizzazione<\/h4><h4>basato su blockchain e intelligenza artificiale.<\/h4>\t\t\t\t\t\t\t\t<\/div>\n\t\t\t\t<\/div>\n\t\t\t\t\t<\/div>\n\t\t\t\t<\/div>\n\t\t<div class=\"elementor-element elementor-element-d8b4d82 e-flex e-con-boxed parallax_section_no qode_elementor_container_no e-con e-parent\" data-id=\"d8b4d82\" data-element_type=\"container\">\n\t\t\t\t\t<div class=\"e-con-inner\">\n\t\t\t\t<div class=\"elementor-element elementor-element-306a7d1 elementor-widget elementor-widget-text-editor\" data-id=\"306a7d1\" data-element_type=\"widget\" data-widget_type=\"text-editor.default\">\n\t\t\t\t<div class=\"elementor-widget-container\">\n\t\t\t\t\t\t\t\t\t<h2>MANAGEMENT<\/h2>\t\t\t\t\t\t\t\t<\/div>\n\t\t\t\t<\/div>\n\t\t\t\t\t<\/div>\n\t\t\t\t<\/div>\n\t\t<div class=\"elementor-element elementor-element-26d6cfa e-flex e-con-boxed parallax_section_no qode_elementor_container_no e-con e-parent\" data-id=\"26d6cfa\" data-element_type=\"container\">\n\t\t\t\t\t<div class=\"e-con-inner\">\n\t\t\t\t<div class=\"elementor-element elementor-element-5e67b3b elementor-widget elementor-widget-text-editor\" data-id=\"5e67b3b\" data-element_type=\"widget\" data-widget_type=\"text-editor.default\">\n\t\t\t\t<div class=\"elementor-widget-container\">\n\t\t\t\t\t\t\t\t\t<p><img decoding=\"async\" class=\"wp-image-11398 alignleft\" src=\"https:\/\/stageup.com\/wp-content\/uploads\/2025\/01\/palazzi2.png\" alt=\"\" width=\"149\" height=\"149\" srcset=\"https:\/\/stageup.com\/wp-content\/uploads\/2025\/01\/palazzi2.png 300w, https:\/\/stageup.com\/wp-content\/uploads\/2025\/01\/palazzi2-150x150.png 150w, https:\/\/stageup.com\/wp-content\/uploads\/2025\/01\/palazzi2-64x64.png 64w\" sizes=\"(max-width: 149px) 100vw, 149px\" \/><strong>GIOVANNI PALAZZI<\/strong><br \/>Laureato in Ingegneria presso l\u2019Universit\u00e0 di Bologna, ha ricoperto l\u2019incarico di \u201cResponsabile Stadio e Media della sede di Bologna\u201d per il Comitato Organizzatore Locale dei Mondiali di Calcio 1990. Ha sviluppato la sua carriera come manager e imprenditore nei mercati dello sport, intrattenimento, comunicazione e tecnologia operando per i pi\u00f9 importanti player nazionali ed internazionali, sia privati che pubblici. All\u2019attivit\u00e0 manageriale ha affiancato attivit\u00e0 istituzionali, accademiche e giornalistiche operando con le pi\u00f9 importanti Universit\u00e0 e pubblicando oltre 200 articoli e saggi.<\/p>\t\t\t\t\t\t\t\t<\/div>\n\t\t\t\t<\/div>\n\t\t\t\t<div class=\"elementor-element elementor-element-8ae23b7 elementor-shape-rounded elementor-grid-0 e-grid-align-center elementor-widget elementor-widget-social-icons\" data-id=\"8ae23b7\" data-element_type=\"widget\" data-widget_type=\"social-icons.default\">\n\t\t\t\t<div class=\"elementor-widget-container\">\n\t\t\t\t\t\t\t<div class=\"elementor-social-icons-wrapper elementor-grid\">\n\t\t\t\t\t\t\t<span class=\"elementor-grid-item\">\n\t\t\t\t\t<a class=\"elementor-icon elementor-social-icon elementor-social-icon-linkedin elementor-repeater-item-62847dc\" href=\"https:\/\/www.linkedin.com\/in\/giovanni-palazzi\/\" target=\"_blank\">\n\t\t\t\t\t\t<span class=\"elementor-screen-only\">Linkedin<\/span>\n\t\t\t\t\t\t<svg class=\"e-font-icon-svg e-fab-linkedin\" viewBox=\"0 0 448 512\" xmlns=\"http:\/\/www.w3.org\/2000\/svg\"><path d=\"M416 32H31.9C14.3 32 0 46.5 0 64.3v383.4C0 465.5 14.3 480 31.9 480H416c17.6 0 32-14.5 32-32.3V64.3c0-17.8-14.4-32.3-32-32.3zM135.4 416H69V202.2h66.5V416zm-33.2-243c-21.3 0-38.5-17.3-38.5-38.5S80.9 96 102.2 96c21.2 0 38.5 17.3 38.5 38.5 0 21.3-17.2 38.5-38.5 38.5zm282.1 243h-66.4V312c0-24.8-.5-56.7-34.5-56.7-34.6 0-39.9 27-39.9 54.9V416h-66.4V202.2h63.7v29.2h.9c8.9-16.8 30.6-34.5 62.9-34.5 67.2 0 79.7 44.3 79.7 101.9V416z\"><\/path><\/svg>\t\t\t\t\t<\/a>\n\t\t\t\t<\/span>\n\t\t\t\t\t<\/div>\n\t\t\t\t\t\t<\/div>\n\t\t\t\t<\/div>\n\t\t\t\t\t<\/div>\n\t\t\t\t<\/div>\n\t\t<div class=\"elementor-element elementor-element-5a29dd8 e-flex e-con-boxed parallax_section_no qode_elementor_container_no e-con e-parent\" data-id=\"5a29dd8\" data-element_type=\"container\">\n\t\t\t\t\t<div class=\"e-con-inner\">\n\t\t\t\t<div class=\"elementor-element elementor-element-102d399 elementor-widget elementor-widget-text-editor\" data-id=\"102d399\" data-element_type=\"widget\" data-widget_type=\"text-editor.default\">\n\t\t\t\t<div class=\"elementor-widget-container\">\n\t\t\t\t\t\t\t\t\t<p><img decoding=\"async\" class=\"wp-image-11504  alignright\" src=\"https:\/\/stageup.com\/wp-content\/uploads\/2025\/01\/foto-federico-300x300.png\" alt=\"\" width=\"149\" height=\"149\" srcset=\"https:\/\/stageup.com\/wp-content\/uploads\/2025\/01\/foto-federico-300x300.png 300w, https:\/\/stageup.com\/wp-content\/uploads\/2025\/01\/foto-federico-1024x1024.png 1024w, https:\/\/stageup.com\/wp-content\/uploads\/2025\/01\/foto-federico-150x150.png 150w, https:\/\/stageup.com\/wp-content\/uploads\/2025\/01\/foto-federico-768x768.png 768w, https:\/\/stageup.com\/wp-content\/uploads\/2025\/01\/foto-federico-64x64.png 64w, https:\/\/stageup.com\/wp-content\/uploads\/2025\/01\/foto-federico-570x570.png 570w, https:\/\/stageup.com\/wp-content\/uploads\/2025\/01\/foto-federico-500x500.png 500w, https:\/\/stageup.com\/wp-content\/uploads\/2025\/01\/foto-federico-1000x1000.png 1000w, https:\/\/stageup.com\/wp-content\/uploads\/2025\/01\/foto-federico-700x700.png 700w, https:\/\/stageup.com\/wp-content\/uploads\/2025\/01\/foto-federico.png 1080w\" sizes=\"(max-width: 149px) 100vw, 149px\" \/><strong>FEDERICO GAETANO<\/strong><br \/>Laureato in Economia e Commercio all\u2019Universit\u00e0 di Bologna, ha iniziato la sua carriera professionale nel mondo della Formula Uno ricoprendo l&#8217;incarico di Responsabile Marketing del Minardi Team. Docente in alcuni tra i pi\u00f9 autorevoli Master post universitari, ha svolto attivit\u00e0 di consulenza in marketing e comunicazione aziendale ed \u00e8 stato autore di articoli in materia di marketing sportivo per il Sole 24 Ore Sport e Bloomberg Investimenti. Oltre alle deleghe operative, aggiunge la responsabilit\u00e0 manageriale dell\u2019Area Ricerche della Societ\u00e0 e della joint venture con Ipsos.<\/p>\t\t\t\t\t\t\t\t<\/div>\n\t\t\t\t<\/div>\n\t\t\t\t<div class=\"elementor-element elementor-element-227ec68 elementor-shape-rounded elementor-grid-0 e-grid-align-center elementor-widget elementor-widget-social-icons\" data-id=\"227ec68\" data-element_type=\"widget\" data-widget_type=\"social-icons.default\">\n\t\t\t\t<div class=\"elementor-widget-container\">\n\t\t\t\t\t\t\t<div class=\"elementor-social-icons-wrapper elementor-grid\">\n\t\t\t\t\t\t\t<span class=\"elementor-grid-item\">\n\t\t\t\t\t<a class=\"elementor-icon elementor-social-icon elementor-social-icon-linkedin elementor-repeater-item-62847dc\" href=\"https:\/\/www.linkedin.com\/in\/federico-gaetano-1b7252a\/\" target=\"_blank\">\n\t\t\t\t\t\t<span class=\"elementor-screen-only\">Linkedin<\/span>\n\t\t\t\t\t\t<svg class=\"e-font-icon-svg e-fab-linkedin\" viewBox=\"0 0 448 512\" xmlns=\"http:\/\/www.w3.org\/2000\/svg\"><path d=\"M416 32H31.9C14.3 32 0 46.5 0 64.3v383.4C0 465.5 14.3 480 31.9 480H416c17.6 0 32-14.5 32-32.3V64.3c0-17.8-14.4-32.3-32-32.3zM135.4 416H69V202.2h66.5V416zm-33.2-243c-21.3 0-38.5-17.3-38.5-38.5S80.9 96 102.2 96c21.2 0 38.5 17.3 38.5 38.5 0 21.3-17.2 38.5-38.5 38.5zm282.1 243h-66.4V312c0-24.8-.5-56.7-34.5-56.7-34.6 0-39.9 27-39.9 54.9V416h-66.4V202.2h63.7v29.2h.9c8.9-16.8 30.6-34.5 62.9-34.5 67.2 0 79.7 44.3 79.7 101.9V416z\"><\/path><\/svg>\t\t\t\t\t<\/a>\n\t\t\t\t<\/span>\n\t\t\t\t\t<\/div>\n\t\t\t\t\t\t<\/div>\n\t\t\t\t<\/div>\n\t\t\t\t\t<\/div>\n\t\t\t\t<\/div>\n\t\t\t\t<\/div>\n\t\t","protected":false},"excerpt":{"rendered":"<p>Le ricerche di mercato sono il fondamento su cui costruire progetti aziendali di successo, illuminando il cammino verso le esigenze dei clienti e guidando decisioni informate che conducono al raggiungimento degli obiettivi aziendali. about us StageUp \u00e8 una societ\u00e0 di consulenza e servizi che si&#8230;<\/p>\n","protected":false},"author":1,"featured_media":0,"parent":0,"menu_order":0,"comment_status":"closed","ping_status":"closed","template":"full_width.php","meta":{"footnotes":""},"class_list":["post-11281","page","type-page","status-publish","hentry"],"yoast_head":"<!-- This site is optimized with the Yoast SEO plugin v24.2 - https:\/\/yoast.com\/wordpress\/plugins\/seo\/ -->\n<title>Chi siamo - StageUp - Sport and Leisure Business<\/title>\n<meta name=\"robots\" content=\"index, follow, max-snippet:-1, max-image-preview:large, max-video-preview:-1\" \/>\n<link rel=\"canonical\" href=\"https:\/\/stageup.com\/index.php\/chi-siamo\/\" \/>\n<meta property=\"og:locale\" content=\"it_IT\" \/>\n<meta property=\"og:type\" content=\"article\" \/>\n<meta property=\"og:title\" content=\"Chi siamo - StageUp - Sport and Leisure Business\" \/>\n<meta property=\"og:description\" content=\"Le ricerche di mercato sono il fondamento su cui costruire progetti aziendali di successo, illuminando il cammino verso le esigenze dei clienti e guidando decisioni informate che conducono al raggiungimento degli obiettivi aziendali. about us StageUp \u00e8 una societ\u00e0 di consulenza e servizi che si...\" \/>\n<meta property=\"og:url\" content=\"https:\/\/stageup.com\/index.php\/chi-siamo\/\" \/>\n<meta property=\"og:site_name\" content=\"StageUp - Sport and Leisure Business\" \/>\n<meta property=\"article:modified_time\" content=\"2025-06-17T10:50:08+00:00\" \/>\n<meta property=\"og:image\" content=\"https:\/\/stageup.com\/wp-content\/uploads\/2025\/06\/Pagina-about-us.jpg\" \/>\n<meta name=\"twitter:card\" content=\"summary_large_image\" \/>\n<meta name=\"twitter:label1\" content=\"Tempo di lettura stimato\" \/>\n\t<meta name=\"twitter:data1\" content=\"3 minuti\" \/>\n<script type=\"application\/ld+json\" class=\"yoast-schema-graph\">{\"@context\":\"https:\/\/schema.org\",\"@graph\":[{\"@type\":\"WebPage\",\"@id\":\"https:\/\/stageup.com\/index.php\/chi-siamo\/\",\"url\":\"https:\/\/stageup.com\/index.php\/chi-siamo\/\",\"name\":\"Chi siamo - StageUp - Sport and Leisure Business\",\"isPartOf\":{\"@id\":\"https:\/\/stageup.com\/#website\"},\"primaryImageOfPage\":{\"@id\":\"https:\/\/stageup.com\/index.php\/chi-siamo\/#primaryimage\"},\"image\":{\"@id\":\"https:\/\/stageup.com\/index.php\/chi-siamo\/#primaryimage\"},\"thumbnailUrl\":\"https:\/\/stageup.com\/wp-content\/uploads\/2025\/06\/Pagina-about-us.jpg\",\"datePublished\":\"2025-01-15T08:45:42+00:00\",\"dateModified\":\"2025-06-17T10:50:08+00:00\",\"breadcrumb\":{\"@id\":\"https:\/\/stageup.com\/index.php\/chi-siamo\/#breadcrumb\"},\"inLanguage\":\"it-IT\",\"potentialAction\":[{\"@type\":\"ReadAction\",\"target\":[\"https:\/\/stageup.com\/index.php\/chi-siamo\/\"]}]},{\"@type\":\"ImageObject\",\"inLanguage\":\"it-IT\",\"@id\":\"https:\/\/stageup.com\/index.php\/chi-siamo\/#primaryimage\",\"url\":\"https:\/\/stageup.com\/wp-content\/uploads\/2025\/06\/Pagina-about-us.jpg\",\"contentUrl\":\"https:\/\/stageup.com\/wp-content\/uploads\/2025\/06\/Pagina-about-us.jpg\",\"width\":1920,\"height\":749},{\"@type\":\"BreadcrumbList\",\"@id\":\"https:\/\/stageup.com\/index.php\/chi-siamo\/#breadcrumb\",\"itemListElement\":[{\"@type\":\"ListItem\",\"position\":1,\"name\":\"Home\",\"item\":\"https:\/\/stageup.com\/\"},{\"@type\":\"ListItem\",\"position\":2,\"name\":\"Chi siamo\"}]},{\"@type\":\"WebSite\",\"@id\":\"https:\/\/stageup.com\/#website\",\"url\":\"https:\/\/stageup.com\/\",\"name\":\"StageUp - Sport and Leisure Business\",\"description\":\"\",\"publisher\":{\"@id\":\"https:\/\/stageup.com\/#organization\"},\"potentialAction\":[{\"@type\":\"SearchAction\",\"target\":{\"@type\":\"EntryPoint\",\"urlTemplate\":\"https:\/\/stageup.com\/?s={search_term_string}\"},\"query-input\":{\"@type\":\"PropertyValueSpecification\",\"valueRequired\":true,\"valueName\":\"search_term_string\"}}],\"inLanguage\":\"it-IT\"},{\"@type\":\"Organization\",\"@id\":\"https:\/\/stageup.com\/#organization\",\"name\":\"StageUp - Sport and Leisure Business\",\"url\":\"https:\/\/stageup.com\/\",\"logo\":{\"@type\":\"ImageObject\",\"inLanguage\":\"it-IT\",\"@id\":\"https:\/\/stageup.com\/#\/schema\/logo\/image\/\",\"url\":\"https:\/\/stageup.com\/wp-content\/uploads\/2023\/11\/stageup_logo_V_PO1_color.png\",\"contentUrl\":\"https:\/\/stageup.com\/wp-content\/uploads\/2023\/11\/stageup_logo_V_PO1_color.png\",\"width\":601,\"height\":551,\"caption\":\"StageUp - Sport and Leisure Business\"},\"image\":{\"@id\":\"https:\/\/stageup.com\/#\/schema\/logo\/image\/\"}}]}<\/script>\n<!-- \/ Yoast SEO plugin. -->","yoast_head_json":{"title":"Chi siamo - StageUp - Sport and Leisure Business","robots":{"index":"index","follow":"follow","max-snippet":"max-snippet:-1","max-image-preview":"max-image-preview:large","max-video-preview":"max-video-preview:-1"},"canonical":"https:\/\/stageup.com\/index.php\/chi-siamo\/","og_locale":"it_IT","og_type":"article","og_title":"Chi siamo - StageUp - Sport and Leisure Business","og_description":"Le ricerche di mercato sono il fondamento su cui costruire progetti aziendali di successo, illuminando il cammino verso le esigenze dei clienti e guidando decisioni informate che conducono al raggiungimento degli obiettivi aziendali. about us StageUp \u00e8 una societ\u00e0 di consulenza e servizi che si...","og_url":"https:\/\/stageup.com\/index.php\/chi-siamo\/","og_site_name":"StageUp - Sport and Leisure Business","article_modified_time":"2025-06-17T10:50:08+00:00","og_image":[{"url":"https:\/\/stageup.com\/wp-content\/uploads\/2025\/06\/Pagina-about-us.jpg","type":"","width":"","height":""}],"twitter_card":"summary_large_image","twitter_misc":{"Tempo di lettura stimato":"3 minuti"},"schema":{"@context":"https:\/\/schema.org","@graph":[{"@type":"WebPage","@id":"https:\/\/stageup.com\/index.php\/chi-siamo\/","url":"https:\/\/stageup.com\/index.php\/chi-siamo\/","name":"Chi siamo - StageUp - Sport and Leisure Business","isPartOf":{"@id":"https:\/\/stageup.com\/#website"},"primaryImageOfPage":{"@id":"https:\/\/stageup.com\/index.php\/chi-siamo\/#primaryimage"},"image":{"@id":"https:\/\/stageup.com\/index.php\/chi-siamo\/#primaryimage"},"thumbnailUrl":"https:\/\/stageup.com\/wp-content\/uploads\/2025\/06\/Pagina-about-us.jpg","datePublished":"2025-01-15T08:45:42+00:00","dateModified":"2025-06-17T10:50:08+00:00","breadcrumb":{"@id":"https:\/\/stageup.com\/index.php\/chi-siamo\/#breadcrumb"},"inLanguage":"it-IT","potentialAction":[{"@type":"ReadAction","target":["https:\/\/stageup.com\/index.php\/chi-siamo\/"]}]},{"@type":"ImageObject","inLanguage":"it-IT","@id":"https:\/\/stageup.com\/index.php\/chi-siamo\/#primaryimage","url":"https:\/\/stageup.com\/wp-content\/uploads\/2025\/06\/Pagina-about-us.jpg","contentUrl":"https:\/\/stageup.com\/wp-content\/uploads\/2025\/06\/Pagina-about-us.jpg","width":1920,"height":749},{"@type":"BreadcrumbList","@id":"https:\/\/stageup.com\/index.php\/chi-siamo\/#breadcrumb","itemListElement":[{"@type":"ListItem","position":1,"name":"Home","item":"https:\/\/stageup.com\/"},{"@type":"ListItem","position":2,"name":"Chi siamo"}]},{"@type":"WebSite","@id":"https:\/\/stageup.com\/#website","url":"https:\/\/stageup.com\/","name":"StageUp - Sport and Leisure Business","description":"","publisher":{"@id":"https:\/\/stageup.com\/#organization"},"potentialAction":[{"@type":"SearchAction","target":{"@type":"EntryPoint","urlTemplate":"https:\/\/stageup.com\/?s={search_term_string}"},"query-input":{"@type":"PropertyValueSpecification","valueRequired":true,"valueName":"search_term_string"}}],"inLanguage":"it-IT"},{"@type":"Organization","@id":"https:\/\/stageup.com\/#organization","name":"StageUp - Sport and Leisure Business","url":"https:\/\/stageup.com\/","logo":{"@type":"ImageObject","inLanguage":"it-IT","@id":"https:\/\/stageup.com\/#\/schema\/logo\/image\/","url":"https:\/\/stageup.com\/wp-content\/uploads\/2023\/11\/stageup_logo_V_PO1_color.png","contentUrl":"https:\/\/stageup.com\/wp-content\/uploads\/2023\/11\/stageup_logo_V_PO1_color.png","width":601,"height":551,"caption":"StageUp - Sport and Leisure Business"},"image":{"@id":"https:\/\/stageup.com\/#\/schema\/logo\/image\/"}}]}},"_links":{"self":[{"href":"https:\/\/stageup.com\/index.php\/wp-json\/wp\/v2\/pages\/11281","targetHints":{"allow":["GET"]}}],"collection":[{"href":"https:\/\/stageup.com\/index.php\/wp-json\/wp\/v2\/pages"}],"about":[{"href":"https:\/\/stageup.com\/index.php\/wp-json\/wp\/v2\/types\/page"}],"author":[{"embeddable":true,"href":"https:\/\/stageup.com\/index.php\/wp-json\/wp\/v2\/users\/1"}],"replies":[{"embeddable":true,"href":"https:\/\/stageup.com\/index.php\/wp-json\/wp\/v2\/comments?post=11281"}],"version-history":[{"count":47,"href":"https:\/\/stageup.com\/index.php\/wp-json\/wp\/v2\/pages\/11281\/revisions"}],"predecessor-version":[{"id":11909,"href":"https:\/\/stageup.com\/index.php\/wp-json\/wp\/v2\/pages\/11281\/revisions\/11909"}],"wp:attachment":[{"href":"https:\/\/stageup.com\/index.php\/wp-json\/wp\/v2\/media?parent=11281"}],"curies":[{"name":"wp","href":"https:\/\/api.w.org\/{rel}","templated":true}]}}